{"id":2800,"date":"2017-10-14T09:08:45","date_gmt":"2017-10-14T09:08:45","guid":{"rendered":"https:\/\/jupiterautokool.ee\/frequently-asked-questions\/"},"modified":"2023-07-26T13:49:47","modified_gmt":"2023-07-26T13:49:47","slug":"faq","status":"publish","type":"page","link":"https:\/\/jupiterautokool.ee\/et\/faq\/","title":{"rendered":"KKK"},"content":{"rendered":"\t\t<div data-elementor-type=\"wp-page\" data-elementor-id=\"2800\" class=\"elementor elementor-2800 elementor-47\">\n\t\t\t\t\t\t\t\t\t<section class=\"elementor-section elementor-top-section elementor-element elementor-element-61e53eb elementor-section-boxed elementor-section-height-default elementor-section-height-default\" data-id=\"61e53eb\" data-element_type=\"section\">\n\t\t\t\t\t\t<div class=\"elementor-container elementor-column-gap-default\">\n\t\t\t\t\t<div class=\"elementor-column elementor-col-50 elementor-top-column elementor-element elementor-element-650a071\" data-id=\"650a071\" data-element_type=\"column\">\n\t\t\t<div class=\"elementor-widget-wrap elementor-element-populated\">\n\t\t\t\t\t\t\t\t<div class=\"elementor-element elementor-element-40f1308 faq_block elementor-widget elementor-widget-toggle\" data-id=\"40f1308\" data-element_type=\"widget\" data-widget_type=\"toggle.default\">\n\t\t\t\t<div class=\"elementor-widget-container\">\n\t\t\t<style>\/*! elementor - v3.14.0 - 26-06-2023 *\/\n.elementor-toggle{text-align:left}.elementor-toggle .elementor-tab-title{font-weight:700;line-height:1;margin:0;padding:15px;border-bottom:1px solid #d5d8dc;cursor:pointer;outline:none}.elementor-toggle .elementor-tab-title .elementor-toggle-icon{display:inline-block;width:1em}.elementor-toggle .elementor-tab-title .elementor-toggle-icon svg{-webkit-margin-start:-5px;margin-inline-start:-5px;width:1em;height:1em}.elementor-toggle .elementor-tab-title .elementor-toggle-icon.elementor-toggle-icon-right{float:right;text-align:right}.elementor-toggle .elementor-tab-title .elementor-toggle-icon.elementor-toggle-icon-left{float:left;text-align:left}.elementor-toggle .elementor-tab-title .elementor-toggle-icon .elementor-toggle-icon-closed{display:block}.elementor-toggle .elementor-tab-title .elementor-toggle-icon .elementor-toggle-icon-opened{display:none}.elementor-toggle .elementor-tab-title.elementor-active{border-bottom:none}.elementor-toggle .elementor-tab-title.elementor-active .elementor-toggle-icon-closed{display:none}.elementor-toggle .elementor-tab-title.elementor-active .elementor-toggle-icon-opened{display:block}.elementor-toggle .elementor-tab-content{padding:15px;border-bottom:1px solid #d5d8dc;display:none}@media (max-width:767px){.elementor-toggle .elementor-tab-title{padding:12px}.elementor-toggle .elementor-tab-content{padding:12px 10px}}.e-con-inner>.elementor-widget-toggle,.e-con>.elementor-widget-toggle{width:var(--container-widget-width);--flex-grow:var(--container-widget-flex-grow)}<\/style>\t\t<div class=\"elementor-toggle\">\n\t\t\t\t\t\t\t<div class=\"elementor-toggle-item\">\n\t\t\t\t\t<div id=\"elementor-tab-title-6801\" class=\"elementor-tab-title\" data-tab=\"1\" role=\"button\" aria-controls=\"elementor-tab-content-6801\" aria-expanded=\"false\">\n\t\t\t\t\t\t\t\t\t\t\t\t<span class=\"elementor-toggle-icon elementor-toggle-icon-right\" aria-hidden=\"true\">\n\t\t\t\t\t\t\t\t\t\t\t\t\t\t\t<span class=\"elementor-toggle-icon-closed\"><i class=\"fas fa-caret-right\"><\/i><\/span>\n\t\t\t\t\t\t\t\t<span class=\"elementor-toggle-icon-opened\"><i class=\"elementor-toggle-icon-opened fas fa-caret-up\"><\/i><\/span>\n\t\t\t\t\t\t\t\t\t\t\t\t\t<\/span>\n\t\t\t\t\t\t\t\t\t\t\t\t<a class=\"elementor-toggle-title\" tabindex=\"0\">Mida on vaja autokooli astumiseks?<\/a>\n\t\t\t\t\t<\/div>\n\n\t\t\t\t\t<div id=\"elementor-tab-content-6801\" class=\"elementor-tab-content elementor-clearfix\" data-tab=\"1\" role=\"region\" aria-labelledby=\"elementor-tab-title-6801\"><p data-pm-slice=\"1 1 []\">V\u00f5tke \u00fchendust autokooli juhiga telefonil v\u00f5i saatke s\u00f5num mailile ja v\u00f5tame teiega \u00fchendust. Koolituse alustamiseks peate esitama j\u00e4rgmised dokumendid. Perearsti t\u00f5end kassile B. ID-kaardi v\u00f5i passi koopia ja foto 30-40 v\u00f5i 40-50<\/p><\/div>\n\t\t\t\t<\/div>\n\t\t\t\t\t\t\t<div class=\"elementor-toggle-item\">\n\t\t\t\t\t<div id=\"elementor-tab-title-6802\" class=\"elementor-tab-title\" data-tab=\"2\" role=\"button\" aria-controls=\"elementor-tab-content-6802\" aria-expanded=\"false\">\n\t\t\t\t\t\t\t\t\t\t\t\t<span class=\"elementor-toggle-icon elementor-toggle-icon-right\" aria-hidden=\"true\">\n\t\t\t\t\t\t\t\t\t\t\t\t\t\t\t<span class=\"elementor-toggle-icon-closed\"><i class=\"fas fa-caret-right\"><\/i><\/span>\n\t\t\t\t\t\t\t\t<span class=\"elementor-toggle-icon-opened\"><i class=\"elementor-toggle-icon-opened fas fa-caret-up\"><\/i><\/span>\n\t\t\t\t\t\t\t\t\t\t\t\t\t<\/span>\n\t\t\t\t\t\t\t\t\t\t\t\t<a class=\"elementor-toggle-title\" tabindex=\"0\">Mis on kogu koolituse maksumus?<\/a>\n\t\t\t\t\t<\/div>\n\n\t\t\t\t\t<div id=\"elementor-tab-content-6802\" class=\"elementor-tab-content elementor-clearfix\" data-tab=\"2\" role=\"region\" aria-labelledby=\"elementor-tab-title-6802\"><p data-pm-slice=\"1 1 []\">Kogusummaks kujuneb 1030 eurot. See sisaldab teooriakursust 160 eurot, elektroonilist rakendust koos \u00f5ppematerjalidega 40 eurot, 28 s\u00f5idutundi 45 minutit, \u00f6ist s\u00f5itu 50 eurot, libedaga s\u00f5itmist 100 eurot, esmaabi 50 eurot.<\/p><\/div>\n\t\t\t\t<\/div>\n\t\t\t\t\t\t\t<div class=\"elementor-toggle-item\">\n\t\t\t\t\t<div id=\"elementor-tab-title-6803\" class=\"elementor-tab-title\" data-tab=\"3\" role=\"button\" aria-controls=\"elementor-tab-content-6803\" aria-expanded=\"false\">\n\t\t\t\t\t\t\t\t\t\t\t\t<span class=\"elementor-toggle-icon elementor-toggle-icon-right\" aria-hidden=\"true\">\n\t\t\t\t\t\t\t\t\t\t\t\t\t\t\t<span class=\"elementor-toggle-icon-closed\"><i class=\"fas fa-caret-right\"><\/i><\/span>\n\t\t\t\t\t\t\t\t<span class=\"elementor-toggle-icon-opened\"><i class=\"elementor-toggle-icon-opened fas fa-caret-up\"><\/i><\/span>\n\t\t\t\t\t\t\t\t\t\t\t\t\t<\/span>\n\t\t\t\t\t\t\t\t\t\t\t\t<a class=\"elementor-toggle-title\" tabindex=\"0\">Ma t\u00f6\u00f6tan p\u00e4eval ja saan \u00f5ppida ainult \u00f5htul?<\/a>\n\t\t\t\t\t<\/div>\n\n\t\t\t\t\t<div id=\"elementor-tab-content-6803\" class=\"elementor-tab-content elementor-clearfix\" data-tab=\"3\" role=\"region\" aria-labelledby=\"elementor-tab-title-6803\"><p data-pm-slice=\"1 1 []\">S\u00f5idutunnid meie autokoolis toimuvad 9.00-21.00.<\/p><\/div>\n\t\t\t\t<\/div>\n\t\t\t\t\t\t\t\t\t\t<script type=\"application\/ld+json\">{\"@context\":\"https:\\\/\\\/schema.org\",\"@type\":\"FAQPage\",\"mainEntity\":[{\"@type\":\"Question\",\"name\":\"Mida on vaja autokooli astumiseks?\",\"acceptedAnswer\":{\"@type\":\"Answer\",\"text\":\"<p data-pm-slice=\\\"1 1 []\\\">V\\u00f5tke \\u00fchendust autokooli juhiga telefonil v\\u00f5i saatke s\\u00f5num mailile ja v\\u00f5tame teiega \\u00fchendust. Koolituse alustamiseks peate esitama j\\u00e4rgmised dokumendid. Perearsti t\\u00f5end kassile B. ID-kaardi v\\u00f5i passi koopia ja foto 30-40 v\\u00f5i 40-50<\\\/p>\"}},{\"@type\":\"Question\",\"name\":\"Mis on kogu koolituse maksumus?\",\"acceptedAnswer\":{\"@type\":\"Answer\",\"text\":\"<p data-pm-slice=\\\"1 1 []\\\">Kogusummaks kujuneb 1030 eurot. See sisaldab teooriakursust 160 eurot, elektroonilist rakendust koos \\u00f5ppematerjalidega 40 eurot, 28 s\\u00f5idutundi 45 minutit, \\u00f6ist s\\u00f5itu 50 eurot, libedaga s\\u00f5itmist 100 eurot, esmaabi 50 eurot.<\\\/p>\"}},{\"@type\":\"Question\",\"name\":\"Ma t\\u00f6\\u00f6tan p\\u00e4eval ja saan \\u00f5ppida ainult \\u00f5htul?\",\"acceptedAnswer\":{\"@type\":\"Answer\",\"text\":\"<p data-pm-slice=\\\"1 1 []\\\">S\\u00f5idutunnid meie autokoolis toimuvad 9.00-21.00.<\\\/p>\"}}]}<\/script>\n\t\t\t\t\t<\/div>\n\t\t\t\t<\/div>\n\t\t\t\t<\/div>\n\t\t\t\t\t<\/div>\n\t\t<\/div>\n\t\t\t\t<div class=\"elementor-column elementor-col-50 elementor-top-column elementor-element elementor-element-0461c84\" data-id=\"0461c84\" data-element_type=\"column\">\n\t\t\t<div class=\"elementor-widget-wrap elementor-element-populated\">\n\t\t\t\t\t\t\t\t<div class=\"elementor-element elementor-element-f18de56 faq_block elementor-widget elementor-widget-toggle\" data-id=\"f18de56\" data-element_type=\"widget\" data-widget_type=\"toggle.default\">\n\t\t\t\t<div class=\"elementor-widget-container\">\n\t\t\t\t\t<div class=\"elementor-toggle\">\n\t\t\t\t\t\t\t<div class=\"elementor-toggle-item\">\n\t\t\t\t\t<div id=\"elementor-tab-title-2531\" class=\"elementor-tab-title\" data-tab=\"1\" role=\"button\" aria-controls=\"elementor-tab-content-2531\" aria-expanded=\"false\">\n\t\t\t\t\t\t\t\t\t\t\t\t<span class=\"elementor-toggle-icon elementor-toggle-icon-right\" aria-hidden=\"true\">\n\t\t\t\t\t\t\t\t\t\t\t\t\t\t\t<span class=\"elementor-toggle-icon-closed\"><i class=\"fas fa-caret-right\"><\/i><\/span>\n\t\t\t\t\t\t\t\t<span class=\"elementor-toggle-icon-opened\"><i class=\"elementor-toggle-icon-opened fas fa-caret-up\"><\/i><\/span>\n\t\t\t\t\t\t\t\t\t\t\t\t\t<\/span>\n\t\t\t\t\t\t\t\t\t\t\t\t<a class=\"elementor-toggle-title\" tabindex=\"0\">Kui kaua koolitus kestab?<\/a>\n\t\t\t\t\t<\/div>\n\n\t\t\t\t\t<div id=\"elementor-tab-content-2531\" class=\"elementor-tab-content elementor-clearfix\" data-tab=\"1\" role=\"region\" aria-labelledby=\"elementor-tab-title-2531\"><p data-pm-slice=\"1 1 []\">Teoreetiline osa kestab 2 kuud. Teooria l\u00e4bimise ajal saab v\u00f5tta s\u00f5idutunde. Kohustuslik \u00f5ppekava sisaldab 30 s\u00f5idutundi. 2 neist on libeda ja pimeda s\u00f5iduga. Kui v\u00f5tad tunde 2-3 korda n\u00e4dalas, siis 2-3 kuuga v\u00f5id autokooli l\u00f5petada. Aga reeglina piisab sellest ajast ja sellest \u00f5ppetundide arvust neile, kel juba mingi s\u00f5idukogemus olemas. Inimestel, kes alustavad \u00f5ppimist nullist, kulub tavaliselt umbes kuus kuud.<\/p><\/div>\n\t\t\t\t<\/div>\n\t\t\t\t\t\t\t<div class=\"elementor-toggle-item\">\n\t\t\t\t\t<div id=\"elementor-tab-title-2532\" class=\"elementor-tab-title\" data-tab=\"2\" role=\"button\" aria-controls=\"elementor-tab-content-2532\" aria-expanded=\"false\">\n\t\t\t\t\t\t\t\t\t\t\t\t<span class=\"elementor-toggle-icon elementor-toggle-icon-right\" aria-hidden=\"true\">\n\t\t\t\t\t\t\t\t\t\t\t\t\t\t\t<span class=\"elementor-toggle-icon-closed\"><i class=\"fas fa-caret-right\"><\/i><\/span>\n\t\t\t\t\t\t\t\t<span class=\"elementor-toggle-icon-opened\"><i class=\"elementor-toggle-icon-opened fas fa-caret-up\"><\/i><\/span>\n\t\t\t\t\t\t\t\t\t\t\t\t\t<\/span>\n\t\t\t\t\t\t\t\t\t\t\t\t<a class=\"elementor-toggle-title\" tabindex=\"0\">Kas te ei suuda otsustada, millist k\u00e4igukasti \u00f5ppida?<\/a>\n\t\t\t\t\t<\/div>\n\n\t\t\t\t\t<div id=\"elementor-tab-content-2532\" class=\"elementor-tab-content elementor-clearfix\" data-tab=\"2\" role=\"region\" aria-labelledby=\"elementor-tab-title-2532\"><p data-pm-slice=\"1 1 []\">Kui sooritate s\u00f5idueksami manuaalk\u00e4igukastiga autoga, saate t\u00e4isload ja v\u00f5ite juhtida iga B-kategooria autot. See kehtib ka v\u00e4ikebussi kohta. Keegi ei tea, mis elus kasuks tuleb, seega soovitan sul mehaanikat \u00f5ppida. Kui sooritate testi automaatautoga, saate s\u00f5ita ainult automaatiga.<\/p><\/div>\n\t\t\t\t<\/div>\n\t\t\t\t\t\t\t<div class=\"elementor-toggle-item\">\n\t\t\t\t\t<div id=\"elementor-tab-title-2533\" class=\"elementor-tab-title\" data-tab=\"3\" role=\"button\" aria-controls=\"elementor-tab-content-2533\" aria-expanded=\"false\">\n\t\t\t\t\t\t\t\t\t\t\t\t<span class=\"elementor-toggle-icon elementor-toggle-icon-right\" aria-hidden=\"true\">\n\t\t\t\t\t\t\t\t\t\t\t\t\t\t\t<span class=\"elementor-toggle-icon-closed\"><i class=\"fas fa-caret-right\"><\/i><\/span>\n\t\t\t\t\t\t\t\t<span class=\"elementor-toggle-icon-opened\"><i class=\"elementor-toggle-icon-opened fas fa-caret-up\"><\/i><\/span>\n\t\t\t\t\t\t\t\t\t\t\t\t\t<\/span>\n\t\t\t\t\t\t\t\t\t\t\t\t<a class=\"elementor-toggle-title\" tabindex=\"0\">Kui inimene \u00f5ppis teises autokoolis v\u00f5i tal on juba load olemas, kuid on juhtimisoskused kadunud, kas siis on v\u00f5imalik v\u00f5tta lihtsalt t\u00e4iendavaid s\u00f5idutunde?<\/a>\n\t\t\t\t\t<\/div>\n\n\t\t\t\t\t<div id=\"elementor-tab-content-2533\" class=\"elementor-tab-content elementor-clearfix\" data-tab=\"3\" role=\"region\" aria-labelledby=\"elementor-tab-title-2533\"><p data-pm-slice=\"1 1 []\">Jah muidugi. Aitame valmistuda Arki eksamiks, samuti aidata neid, kes end rooli taga ebakindlalt tunnevad.<\/p><\/div>\n\t\t\t\t<\/div>\n\t\t\t\t\t\t\t\t\t\t<script type=\"application\/ld+json\">{\"@context\":\"https:\\\/\\\/schema.org\",\"@type\":\"FAQPage\",\"mainEntity\":[{\"@type\":\"Question\",\"name\":\"Kui kaua koolitus kestab?\",\"acceptedAnswer\":{\"@type\":\"Answer\",\"text\":\"<p data-pm-slice=\\\"1 1 []\\\">Teoreetiline osa kestab 2 kuud. Teooria l\\u00e4bimise ajal saab v\\u00f5tta s\\u00f5idutunde. Kohustuslik \\u00f5ppekava sisaldab 30 s\\u00f5idutundi. 2 neist on libeda ja pimeda s\\u00f5iduga. Kui v\\u00f5tad tunde 2-3 korda n\\u00e4dalas, siis 2-3 kuuga v\\u00f5id autokooli l\\u00f5petada. Aga reeglina piisab sellest ajast ja sellest \\u00f5ppetundide arvust neile, kel juba mingi s\\u00f5idukogemus olemas. Inimestel, kes alustavad \\u00f5ppimist nullist, kulub tavaliselt umbes kuus kuud.<\\\/p>\"}},{\"@type\":\"Question\",\"name\":\"Kas te ei suuda otsustada, millist k\\u00e4igukasti \\u00f5ppida?\",\"acceptedAnswer\":{\"@type\":\"Answer\",\"text\":\"<p data-pm-slice=\\\"1 1 []\\\">Kui sooritate s\\u00f5idueksami manuaalk\\u00e4igukastiga autoga, saate t\\u00e4isload ja v\\u00f5ite juhtida iga B-kategooria autot. See kehtib ka v\\u00e4ikebussi kohta. Keegi ei tea, mis elus kasuks tuleb, seega soovitan sul mehaanikat \\u00f5ppida. Kui sooritate testi automaatautoga, saate s\\u00f5ita ainult automaatiga.<\\\/p>\"}},{\"@type\":\"Question\",\"name\":\"Kui inimene \\u00f5ppis teises autokoolis v\\u00f5i tal on juba load olemas, kuid on juhtimisoskused kadunud, kas siis on v\\u00f5imalik v\\u00f5tta lihtsalt t\\u00e4iendavaid s\\u00f5idutunde?\",\"acceptedAnswer\":{\"@type\":\"Answer\",\"text\":\"<p data-pm-slice=\\\"1 1 []\\\">Jah muidugi. Aitame valmistuda Arki eksamiks, samuti aidata neid, kes end rooli taga ebakindlalt tunnevad.<\\\/p>\"}}]}<\/script>\n\t\t\t\t\t<\/div>\n\t\t\t\t<\/div>\n\t\t\t\t<\/div>\n\t\t\t\t\t<\/div>\n\t\t<\/div>\n\t\t\t\t\t\t\t<\/div>\n\t\t<\/section>\n\t\t\t\t<section class=\"elementor-section elementor-top-section elementor-element elementor-element-45e3857 elementor-section-boxed elementor-section-height-default elementor-section-height-default\" data-id=\"45e3857\" data-element_type=\"section\">\n\t\t\t\t\t\t<div class=\"elementor-container elementor-column-gap-default\">\n\t\t\t\t\t<div class=\"elementor-column elementor-col-100 elementor-top-column elementor-element elementor-element-79e4cca\" data-id=\"79e4cca\" data-element_type=\"column\">\n\t\t\t<div class=\"elementor-widget-wrap elementor-element-populated\">\n\t\t\t\t\t\t\t\t<div class=\"elementor-element elementor-element-b68ed54 elementor-widget elementor-widget-heading\" data-id=\"b68ed54\" data-element_type=\"widget\" data-widget_type=\"heading.default\">\n\t\t\t\t<div class=\"elementor-widget-container\">\n\t\t\t<style>\/*! elementor - v3.14.0 - 26-06-2023 *\/\n.elementor-heading-title{padding:0;margin:0;line-height:1}.elementor-widget-heading .elementor-heading-title[class*=elementor-size-]>a{color:inherit;font-size:inherit;line-height:inherit}.elementor-widget-heading .elementor-heading-title.elementor-size-small{font-size:15px}.elementor-widget-heading .elementor-heading-title.elementor-size-medium{font-size:19px}.elementor-widget-heading .elementor-heading-title.elementor-size-large{font-size:29px}.elementor-widget-heading .elementor-heading-title.elementor-size-xl{font-size:39px}.elementor-widget-heading .elementor-heading-title.elementor-size-xxl{font-size:59px}<\/style><h3 class=\"elementor-heading-title elementor-size-default\">Kas te ei leidnud oma k\u00fcsimusele vastust?<\/h3>\t\t<\/div>\n\t\t\t\t<\/div>\n\t\t\t\t<div class=\"elementor-element elementor-element-b5f6c7b elementor-widget elementor-widget-shortcode\" data-id=\"b5f6c7b\" data-element_type=\"widget\" data-widget_type=\"shortcode.default\">\n\t\t\t\t<div class=\"elementor-widget-container\">\n\t\t\t\t\t<div class=\"elementor-shortcode\">\n<div class=\"wpcf7 no-js\" id=\"wpcf7-f2637-o1\" lang=\"et\" dir=\"ltr\">\n<div class=\"screen-reader-response\"><p role=\"status\" aria-live=\"polite\" aria-atomic=\"true\"><\/p> <ul><\/ul><\/div>\n<form action=\"\/et\/wp-json\/wp\/v2\/pages\/2800#wpcf7-f2637-o1\" method=\"post\" class=\"wpcf7-form init\" aria-label=\"Contact form\" novalidate=\"novalidate\" data-status=\"init\">\n<div style=\"display: none;\">\n<input type=\"hidden\" name=\"_wpcf7\" value=\"2637\" \/>\n<input type=\"hidden\" name=\"_wpcf7_version\" value=\"5.7.7\" \/>\n<input type=\"hidden\" name=\"_wpcf7_locale\" value=\"et\" \/>\n<input type=\"hidden\" name=\"_wpcf7_unit_tag\" value=\"wpcf7-f2637-o1\" \/>\n<input type=\"hidden\" name=\"_wpcf7_container_post\" value=\"0\" \/>\n<input type=\"hidden\" name=\"_wpcf7_posted_data_hash\" value=\"\" \/>\n<input type=\"hidden\" name=\"_wpcf7_recaptcha_response\" value=\"\" \/>\n<\/div>\n<div class=\"form-default\">\n\t<div class=\"form-group\">\n\t\t<p><span class=\"wpcf7-form-control-wrap\" data-name=\"your-name\"><input size=\"40\" class=\"wpcf7-form-control wpcf7-text wpcf7-validates-as-required\" aria-required=\"true\" aria-invalid=\"false\" placeholder=\"Nimi*\" value=\"\" type=\"text\" name=\"your-name\" \/><\/span>\n\t\t<\/p>\n\t<\/div>\n\t<div class=\"form-group\">\n\t\t<p><span class=\"wpcf7-form-control-wrap\" data-name=\"your-email\"><input size=\"40\" class=\"wpcf7-form-control wpcf7-text wpcf7-email wpcf7-validates-as-required wpcf7-validates-as-email\" aria-required=\"true\" aria-invalid=\"false\" placeholder=\"E-post*\" value=\"\" type=\"email\" name=\"your-email\" \/><\/span>\n\t\t<\/p>\n\t<\/div>\n\t<div class=\"form-group\">\n\t\t<p><span class=\"wpcf7-form-control-wrap\" data-name=\"your-tel\"><input size=\"40\" class=\"wpcf7-form-control wpcf7-text wpcf7-validates-as-required\" aria-required=\"true\" aria-invalid=\"false\" placeholder=\"Telefon*\" value=\"\" type=\"text\" name=\"your-tel\" \/><\/span>\n\t\t<\/p>\n\t<\/div>\n\t<div class=\"form-group\">\n\t\t<p><span class=\"wpcf7-form-control-wrap\" data-name=\"your-message\"><textarea cols=\"40\" rows=\"2\" class=\"wpcf7-form-control wpcf7-textarea\" aria-invalid=\"false\" placeholder=\"S\u00f5num\" name=\"your-message\"><\/textarea><\/span>\n\t\t<\/p>\n\t<\/div>\n\t<p><input class=\"wpcf7-form-control has-spinner wpcf7-submit btn\" type=\"submit\" value=\"Saada\" \/>\n\t<\/p>\n<\/div><div class=\"wpcf7-response-output\" aria-hidden=\"true\"><\/div>\n<\/form>\n<\/div>\n<\/div>\n\t\t\t\t<\/div>\n\t\t\t\t<\/div>\n\t\t\t\t\t<\/div>\n\t\t<\/div>\n\t\t\t\t\t\t\t<\/div>\n\t\t<\/section>\n\t\t\t\t\t\t\t<\/div>\n\t\t","protected":false},"excerpt":{"rendered":"<p>Mida on vaja autokooli astumiseks? V\u00f5tke \u00fchendust autokooli juhiga telefonil v\u00f5i saatke s\u00f5num mailile ja v\u00f5tame teiega \u00fchendust. Koolituse alustamiseks peate esitama j\u00e4rgmised dokumendid. Perearsti t\u00f5end kassile B. ID-kaardi v\u00f5i passi koopia ja foto 30-40 v\u00f5i 40-50 Mis on kogu koolituse maksumus? Kogusummaks kujuneb 1030 eurot. See sisaldab teooriakursust 160 eurot, elektroonilist rakendust koos \u00f5ppematerjalidega [&hellip;]<\/p>\n","protected":false},"author":1,"featured_media":0,"parent":0,"menu_order":0,"comment_status":"closed","ping_status":"closed","template":"","meta":{"_glsr_average":0,"_glsr_ranking":0,"_glsr_reviews":0,"footnotes":""},"class_list":["post-2800","page","type-page","status-publish","hentry"],"_links":{"self":[{"href":"https:\/\/jupiterautokool.ee\/et\/wp-json\/wp\/v2\/pages\/2800","targetHints":{"allow":["GET"]}}],"collection":[{"href":"https:\/\/jupiterautokool.ee\/et\/wp-json\/wp\/v2\/pages"}],"about":[{"href":"https:\/\/jupiterautokool.ee\/et\/wp-json\/wp\/v2\/types\/page"}],"author":[{"embeddable":true,"href":"https:\/\/jupiterautokool.ee\/et\/wp-json\/wp\/v2\/users\/1"}],"replies":[{"embeddable":true,"href":"https:\/\/jupiterautokool.ee\/et\/wp-json\/wp\/v2\/comments?post=2800"}],"version-history":[{"count":15,"href":"https:\/\/jupiterautokool.ee\/et\/wp-json\/wp\/v2\/pages\/2800\/revisions"}],"predecessor-version":[{"id":3665,"href":"https:\/\/jupiterautokool.ee\/et\/wp-json\/wp\/v2\/pages\/2800\/revisions\/3665"}],"wp:attachment":[{"href":"https:\/\/jupiterautokool.ee\/et\/wp-json\/wp\/v2\/media?parent=2800"}],"curies":[{"name":"wp","href":"https:\/\/api.w.org\/{rel}","templated":true}]}}